{"id":113,"date":"2011-01-20T16:22:13","date_gmt":"2011-01-20T15:22:13","guid":{"rendered":"http:\/\/www.wsc-schwimmen.at\/wp\/?page_id=113"},"modified":"2017-04-04T10:37:08","modified_gmt":"2017-04-04T09:37:08","slug":"rekorde","status":"publish","type":"page","link":"https:\/\/www.wsc-schwimmen.at\/wp\/?page_id=113","title":{"rendered":"Rekorde"},"content":{"rendered":"<h2>Vereinsrekorde: Stand 03. April 2017<\/h2>\n<p>&nbsp;<\/p>\n<table class=\"wscTable\" align=\"center\">\n<caption>Langbahn<\/caption>\n<tbody>\n<tr>\n<th>Damen<\/th>\n<th>Zeit<\/th>\n<th>Strecke<\/th>\n<th>Zeit<\/th>\n<th>Herren<\/th>\n<\/tr>\n<tr>\n<td>Chudzik<\/td>\n<td><a href=\"wp-content\/uploads\/2011\/02\/protokoll2.pdf\" target=\"_blank\">30.83<\/a><\/td>\n<th>50m Freistil<\/th>\n<td><a href=\"wp-content\/uploads\/2011\/02\/090614-Wien___Stadthalle-Pr.pdf\" target=\"_blank\">26.50<\/a><\/td>\n<td>Orth<\/td>\n<\/tr>\n<tr>\n<td>Chudzik<\/td>\n<td><a href=\"wp-content\/uploads\/2011\/02\/protokoll2.pdf\" target=\"_blank\">1:08.77<\/a><\/td>\n<th>100m Freistil<\/th>\n<td><a href=\"wp-content\/uploads\/2011\/02\/090614-Wien___Stadthalle-Pr.pdf\" target=\"_blank\">58.50<\/a><\/td>\n<td>Orth<\/td>\n<\/tr>\n<tr>\n<td>Fr\u00fchwirth<\/td>\n<td><a href=\"wp-content\/uploads\/2015\/06\/R_VIC_2015.pdf\" target=\"_blank\">2:31.01*<\/a><\/td>\n<th>200m Freistil<\/th>\n<td><a href=\"wp-content\/uploads\/2014\/03\/GeMa2014.pdf\" target=\"_blank\">2:18.38<\/a><\/td>\n<td>Beck<\/td>\n<\/tr>\n<tr>\n<td>Fr\u00fchwirth<\/td>\n<td><a href=\"wp-content\/uploads\/2015\/06\/R_VIC_2015.pdf\" target=\"_blank\">5:09.48*<\/a><\/td>\n<th>400m Freistil<\/th>\n<td><a href=\"wp-content\/uploads\/2014\/03\/GeMa2014.pdf\" target=\"_blank\">4:48.00<\/a><\/td>\n<td>Beck<\/td>\n<\/tr>\n<tr>\n<td>Fr\u00fchwirth<\/td>\n<td><a href=\"wp-content\/uploads\/2015\/06\/R_VIC_2015.pdf\" target=\"_blank\">10:30.28*<\/a><\/td>\n<th>800m Freistil<\/th>\n<td><a href=\"wp-content\/uploads\/2014\/06\/R_VIC_2014.pdf\" target=\"_blank\">10:18.52*<\/a><\/td>\n<td>Beck<\/td>\n<\/tr>\n<tr>\n<td>Fr\u00fchwirth<\/td>\n<td><a href=\"wp-content\/uploads\/2015\/06\/R_VIC_2015.pdf\">19:51.57<\/a><\/td>\n<th>1500m Freistil<\/th>\n<td><a href=\"wp-content\/uploads\/2014\/06\/R_VIC_2014.pdf\" target=\"_blank\">19:22.44<\/a><\/td>\n<td>Beck<\/td>\n<\/tr>\n<tr>\n<td>Mathieu<\/td>\n<td><a href=\"wp-content\/uploads\/2014\/03\/GeMa2014.pdf\" target=\"_blank\">36.65<\/a><\/td>\n<th>50m R\u00fccken<\/th>\n<td><a href=\"wp-content\/uploads\/2011\/02\/090614-Wien___Stadthalle-Pr.pdf\" target=\"_blank\">31.42<\/a><\/td>\n<td>Orth<\/td>\n<\/tr>\n<tr>\n<td>Mathieu<\/td>\n<td><a href=\"http:\/\/www.wsc-schwimmen.at\/wp\/?p=2359\" target=\"_blank\">1:19.72<\/a><\/td>\n<th>100m R\u00fccken<\/th>\n<td><a href=\"wp-content\/uploads\/2011\/02\/090614-Wien___Stadthalle-Pr.pdf\" target=\"_blank\">1:10.11<\/a><\/td>\n<td>Orth<\/td>\n<\/tr>\n<tr>\n<td>Mathieu<\/td>\n<td><a href=\"http:\/\/www.wsc-schwimmen.at\/wp\/?p=2359\" target=\"_blank\">2:52.63<\/a><\/td>\n<th>200m R\u00fccken<\/th>\n<td><a href=\"wp-content\/uploads\/2011\/07\/2011-07-21Dordrecht-Euro-Games-2011-results.pdf\" target=\"_blank\">3:08.58<\/a><\/td>\n<td>Raml<\/td>\n<\/tr>\n<tr>\n<td>Varga<\/td>\n<td><a href=\"http:\/\/www.wsc-schwimmen.at\/wp\/wp-content\/uploads\/2011\/10\/protokoll1.pdf\" target=\"_blank\">41.81<\/a><\/td>\n<th>50m Brust<\/th>\n<td><a href=\"http:\/\/www.msecm.at\/events\/festwochenschwimmen16\/pdfresults\/wiener%20sport-club.pdf\" target=\"_blank\">36.31<\/a><\/td>\n<td>Abila<\/td>\n<\/tr>\n<tr>\n<td>Varga<\/td>\n<td><a href=\"wp-content\/uploads\/2012\/06\/FWMC2012_Swimming.pdf\" target=\"_blank\">1:31.96<\/a><\/td>\n<th>100m Brust<\/th>\n<td><a href=\"wp-content\/uploads\/2015\/06\/R_VIC_2015.pdf\" target=\"_blank\">1:23.15<\/a><\/td>\n<td>Abila<\/td>\n<\/tr>\n<tr>\n<td>Varga<\/td>\n<td><a href=\"wp-content\/uploads\/2012\/03\/GeMa2012.pdf\" target=\"_blank\">3:31.21<\/a><\/td>\n<th>200m Brust<\/th>\n<td><a href=\"http:\/\/www.msecm.at\/events\/asvoebundes16\/pdfresults\/wiener%20sport-club.pdf\" target=\"_blank\">3:10.28<\/a><\/td>\n<td>Abila<\/td>\n<\/tr>\n<tr>\n<td>Chudzik<\/td>\n<td><a href=\"wp-content\/uploads\/2011\/02\/protokoll2.pdf\" target=\"_blank\">34.51<\/a><\/td>\n<th>50m Delfin<\/th>\n<td><a href=\"http:\/\/london2016.microplustiming.com\/Masters\/export\/Masters_NU_London2016\/NU\/pdf\/book.pdf?v=4\" target=\"_blank\">29.39<\/a><\/td>\n<td>Abila<\/td>\n<\/tr>\n<tr>\n<td>&#8211;<\/td>\n<td><\/td>\n<th>100m Delfin<\/th>\n<td><a href=\"wp-content\/uploads\/2015\/06\/R_VIC_2015.pdf\" target=\"_blank\">1:15.13<\/a><\/td>\n<td>Abila<\/td>\n<\/tr>\n<tr>\n<td>&#8211;<\/td>\n<td><\/td>\n<th>200m Delfin<\/th>\n<td><a href=\"wp-content\/uploads\/2013\/06\/R_VIC_2013.pdf\" target=\"_blank\">3:00.99<\/a><\/td>\n<td>Abila<\/td>\n<\/tr>\n<tr>\n<td>Chudzik<\/td>\n<td><a href=\"wp-content\/uploads\/2011\/02\/protokoll2.pdf\" target=\"_blank\">3:03.86<\/a><\/td>\n<th>200m Lagen<\/th>\n<td><a href=\"wp-content\/uploads\/2014\/03\/GeMa2014.pdf\" target=\"_blank\">2:46.89<\/a><\/td>\n<td>Schmidt<\/td>\n<\/tr>\n<tr>\n<td>&#8211;<\/td>\n<td><\/td>\n<th>400m Lagen<\/th>\n<td><a href=\"http:\/\/www.wsc-schwimmen.at\/wp\/?p=2359\" target=\"_blank\">6:16.42<\/a><\/td>\n<td>Raml<\/td>\n<\/tr>\n<tr>\n<td>&#8211;<\/td>\n<td><\/td>\n<th>4x50m Freistil<\/th>\n<td><a href=\"http:\/\/www.wsc-schwimmen.at\/wp\/?p=1871\" target=\"_blank\">2:01.94<\/a><\/td>\n<td>CS\/PP\/CA\/WR<\/td>\n<\/tr>\n<tr>\n<td>&#8211;<\/td>\n<td><\/td>\n<th>4x50m Lagen<\/th>\n<td><a href=\"http:\/\/www.wsc-schwimmen.at\/wp\/?p=2330\" target=\"_blank\">2:23.67<\/a><\/td>\n<td>PP\/CA\/CS\/WR<\/td>\n<\/tr>\n<tr>\n<td>&#8211;<\/td>\n<td><\/td>\n<th>4x100m Lagen<\/th>\n<td><a href=\"http:\/\/www.wsc-schwimmen.at\/wp\/?p=428\" target=\"_blank\">5:00.05<\/a><\/td>\n<td>MO\/ME\/WR\/JS<\/td>\n<\/tr>\n<\/tbody>\n<\/table>\n<p>&nbsp;<\/p>\n<table class=\"wscTable\" align=\"center\">\n<caption>Kurzbahn<\/caption>\n<tbody>\n<tr>\n<th>Damen<\/th>\n<th>Zeit<\/th>\n<th>Strecke<\/th>\n<th>Zeit<\/th>\n<th>Herren<\/th>\n<\/tr>\n<tr>\n<td>Varga<\/td>\n<td><a href=\"http:\/\/wp-content\/uploads\/2016\/03\/R_MA_ViennaChampionship16.pdf\" target=\"_blank\">30.38<\/a><\/td>\n<th>50m Freistil<\/th>\n<td><a href=\"wp-content\/uploads\/2011\/01\/Pr-Hakoah-2008.pdf\" target=\"_blank\">26.04<\/a><\/td>\n<td>Orth<\/td>\n<\/tr>\n<tr>\n<td>Varga<\/td>\n<td><a href=\"http:\/\/www.msecm.at\/events\/oemasters15\/protokoll.pdf\" target=\"_blank\">1:07.77<\/a><\/td>\n<th>100m Freistil<\/th>\n<td><a href=\"wp-content\/uploads\/2011\/01\/Pr-Hakoah-2008.pdf\" target=\"_blank\">55.84<\/a><\/td>\n<td>Orth<\/td>\n<\/tr>\n<tr>\n<td>Fr\u00fchwirth<\/td>\n<td><a href=\"wp-content\/uploads\/2015\/01\/R_lcup15_rd1.pdf\" target=\"_blank\">2:24.39*<\/a><\/td>\n<th>200m Freistil<\/th>\n<td><a href=\"wp-content\/uploads\/2014\/03\/R_Wr_SC_Meisterschaft.pdf\" target=\"_blank\">2:12.93<\/a><\/td>\n<td>Beck<\/td>\n<\/tr>\n<tr>\n<td>Fr\u00fchwirth<\/td>\n<td><a href=\"wp-content\/uploads\/2015\/01\/R_lcup15_rd1.pdf\" target=\"_blank\">4:54.46*<\/a><\/td>\n<th>400m Freistil<\/th>\n<td><a href=\"wp-content\/uploads\/2014\/04\/R_VieMaCs_2014.pdf\" target=\"_blank\">4:39.42<\/a><\/td>\n<td>Beck<\/td>\n<\/tr>\n<tr>\n<td>Fr\u00fchwirth<\/td>\n<td><a href=\"wp-content\/uploads\/2015\/01\/R_lcup15_rd1.pdf\" target=\"_blank\">9:57.87*<\/a><\/td>\n<th>800m Freistil<\/th>\n<td><a href=\"wp-content\/uploads\/2015\/01\/R_lcup15_rd1.pdf\" target=\"_blank\">9:56.62*<\/a><\/td>\n<td>Beck<\/td>\n<\/tr>\n<tr>\n<td>Fr\u00fchwirth<\/td>\n<td><a href=\"wp-content\/uploads\/2015\/01\/R_lcup15_rd1.pdf\" target=\"_blank\">18:49.68<\/a><\/td>\n<th>1500m Freistil<\/th>\n<td><a href=\"wp-content\/uploads\/2014\/04\/R_VieMaCs_2014.pdf\" target=\"_blank\">18:41.38<\/a><\/td>\n<td>Beck<\/td>\n<\/tr>\n<tr>\n<td>Mathieu<\/td>\n<td><a href=\"http:\/\/wp-content\/uploads\/2016\/03\/R_MA_ViennaChampionship16.pdf\" target=\"_blank\">35.39<\/a><\/td>\n<th>50m R\u00fccken<\/th>\n<td><a href=\"wp-content\/uploads\/2013\/04\/R_ViMaCS.pdf\" target=\"_blank\">30.28<\/a><\/td>\n<td>Zivic<\/td>\n<\/tr>\n<tr>\n<td>Mathieu<\/td>\n<td><a href=\"wp-content\/uploads\/2016\/03\/R_MA_ViennaChampionship16.pdf\" target=\"_blank\">1:16.88<\/a><\/td>\n<th>100m R\u00fccken<\/th>\n<td><a href=\"wp-content\/uploads\/2014\/01\/R_lCupRd1.pdf\" target=\"_blank\">1:18.91<\/a><\/td>\n<td>Abila<\/td>\n<\/tr>\n<tr>\n<td>Mathieu<\/td>\n<td><a href=\"http:\/\/www.wsc-schwimmen.at\/wp\/wp-content\/uploads\/2017\/04\/R_20170331_IntWrMMS.pdf\" target=\"_blank\">2:46.78<\/a><\/td>\n<th>200m R\u00fccken<\/th>\n<td><a href=\"wp-content\/uploads\/2011\/02\/R_Clubmeisterschaft_Diana_Hakoah.pdf\" target=\"_blank\">2:50.29<\/a><\/td>\n<td>Orth<\/td>\n<\/tr>\n<tr>\n<td>Varga<\/td>\n<td><a href=\"wp-content\/uploads\/2012\/10\/protokoll.pdf\" target=\"_blank\">41.66<\/a><\/td>\n<th>50m Brust<\/th>\n<td><a href=\"http:\/\/www.stoneship.at\/sw\/2015\/lCup5\/ResultList_44.pdf\" target=\"_blank\">34.69<\/a><\/td>\n<td>Abila<\/td>\n<\/tr>\n<tr>\n<td>Varga<\/td>\n<td><a href=\"wp-content\/uploads\/2012\/01\/R_Wr_SCM_MS_2012.pdf\" target=\"_blank\">1:31.62<\/a><\/td>\n<th>100m Brust<\/th>\n<td><a href=\"http:\/\/www.msecm.at\/events\/wlsv\/lacup2016r4\/pdfresults\/wiener%20sport-club.pdf\" target=\"_blank\">1:17.90<\/a><\/td>\n<td>Abila<\/td>\n<\/tr>\n<tr>\n<td>Greiner<\/td>\n<td><a href=\"wp-content\/uploads\/2015\/02\/R_ViVa6_2015.pdf\" target=\"_blank\">3:40.87<\/a><\/td>\n<th>200m Brust<\/th>\n<td><a href=\"wp-content\/uploads\/2011\/02\/R_Clubmeisterschaft_Diana_Hakoah.pdf\" target=\"_blank\">2:54.24<\/a><\/td>\n<td>Orth<\/td>\n<\/tr>\n<tr>\n<td>Varga<\/td>\n<td><a href=\"http:\/\/www.wsc-schwimmen.at\/wp\/wp-content\/uploads\/2016\/03\/R_MA_ViennaChampionship16.pdf\" target=\"_blank\">35.52<\/a><\/td>\n<th>50m Delfin<\/th>\n<td><a href=\"wp-content\/uploads\/2012\/12\/R_CM_Hakoah_20121.pdf\" target=\"_blank\">29.36<\/a><\/td>\n<td>Zivic<\/td>\n<\/tr>\n<tr>\n<td>Chudzik<\/td>\n<td><a href=\"wp-content\/uploads\/2016\/03\/R_MA_ViennaChampionship16.pdf\" target=\"_blank\">1:20.85<\/a><\/td>\n<th>100m Delfin<\/th>\n<td><a href=\"wp-content\/uploads\/2014\/12\/R_LCup5.pdf\" target=\"_blank\">1:10.72<\/a><\/td>\n<td>Abila<\/td>\n<\/tr>\n<tr>\n<td>&#8211;<\/td>\n<td><\/td>\n<th>200m Delfin<\/th>\n<td><a href=\"wp-content\/uploads\/2013\/12\/R_SCM_CS_2013.pdf\" target=\"_blank\">2:54.07<\/a><\/td>\n<td>Abila<\/td>\n<\/tr>\n<tr>\n<td>Mathieu<\/td>\n<td><a href=\"wp-content\/uploads\/2016\/03\/R_MA_ViennaChampionship16.pdf\" target=\"_blank\">1:20.55<\/a><\/td>\n<th>100m Lagen<\/th>\n<td><a href=\"wp-content\/uploads\/2011\/01\/Pr-Hakoah-2008.pdf\" target=\"_blank\">1:08.73<\/a><\/td>\n<td>Orth<\/td>\n<\/tr>\n<tr>\n<td>Mathieu<\/td>\n<td><a href=\"wp-content\/uploads\/2014\/04\/R_VieMaCs_2014.pdf\" target=\"_blank\">3:00.63<\/a><\/td>\n<th>200m Lagen<\/th>\n<td><a href=\"wp-content\/uploads\/2011\/02\/R_Clubmeisterschaft_Diana_Hakoah.pdf\" target=\"_blank\">2:35.49<\/a><\/td>\n<td>Orth<\/td>\n<\/tr>\n<tr>\n<td>&#8211;<\/td>\n<td><\/td>\n<th>400m Lagen<\/th>\n<td><a href=\"wp-content\/uploads\/2011\/03\/R_WrHM2011.pdf\" target=\"_blank\">6:05.40<\/a><\/td>\n<td>Raml<\/td>\n<\/tr>\n<tr>\n<td>FM\/UG\/CH\/MV<\/td>\n<td><a href=\"http:\/\/www.msecm.at\/events\/oemasters16\/pdfresults\/wiener%20sport-club.pdf\" target=\"_blank\">2:10.52<\/a><\/td>\n<th>4x50m Freistil<\/th>\n<td><a href=\"http:\/\/www.wsc-schwimmen.at\/wp\/wp-content\/uploads\/2011\/01\/R_Vie_Int_Masters2015.pdf\" target=\"_blank\">1:51.52<\/a><\/td>\n<td>CB\/CA\/WR\/CS<\/td>\n<\/tr>\n<tr>\n<td>CH\/MV\/UG\/AH<\/td>\n<td><a href=\"wp-content\/uploads\/2013\/09\/protokoll.pdf\" target=\"_blank\">2:37.24<\/a><\/td>\n<th>4x50m Lagen<\/th>\n<td><a href=\"wp-content\/uploads\/2013\/11\/R_Hakoah_2013.pdf\" target=\"_blank\">2:12.53<\/a><\/td>\n<td>CB\/CA\/WR\/CS<\/td>\n<\/tr>\n<tr>\n<td><\/td>\n<td><\/td>\n<th>Mixed<\/th>\n<td><\/td>\n<td><\/td>\n<\/tr>\n<tr>\n<td>UG\/MV<\/td>\n<td><a href=\"wp-content\/uploads\/2013\/09\/protokoll.pdf\" target=\"_blank\">1:56.78<\/a><\/td>\n<th>4x50m Freistil<\/th>\n<td><a href=\"wp-content\/uploads\/2013\/09\/protokoll.pdf\" target=\"_blank\">1:56.78<\/a><\/td>\n<td>CB\/CS<\/td>\n<\/tr>\n<tr>\n<td>FM\/MV<\/td>\n<td><a href=\"http:\/\/wp-content\/uploads\/2016\/03\/R_MA_ViennaChampionship16.pdf\" target=\"_blank\">2:17.04<\/a><\/td>\n<th>4x50m Lagen<\/th>\n<td><a href=\"http:\/\/wp-content\/uploads\/2016\/03\/R_MA_ViennaChampionship16.pdf\" target=\"_blank\">2:17.04<\/a><\/td>\n<td>WR\/TH<\/td>\n<\/tr>\n<\/tbody>\n<\/table>\n<p><em>* &#8230; Durchgangszeit (ab einer Strecke von 100m)<\/em><\/p>\n","protected":false},"excerpt":{"rendered":"<p>Vereinsrekorde: Stand 03. April 2017 &nbsp; Langbahn Damen Zeit Strecke Zeit Herren Chudzik 30.83 50m Freistil 26.50 Orth Chudzik 1:08.77 100m Freistil 58.50 Orth Fr\u00fchwirth 2:31.01* 200m Freistil 2:18.38 Beck Fr\u00fchwirth 5:09.48* 400m Freistil 4:48.00 Beck Fr\u00fchwirth 10:30.28* 800m Freistil 10:18.52* Beck Fr\u00fchwirth 19:51.57 1500m Freistil 19:22.44 Beck Mathieu 36.65 50m R\u00fccken 31.42 Orth Mathieu [&hellip;]<\/p>\n","protected":false},"author":1,"featured_media":0,"parent":0,"menu_order":5,"comment_status":"closed","ping_status":"closed","template":"","meta":{"jetpack_post_was_ever_published":false,"footnotes":""},"class_list":["post-113","page","type-page","status-publish","hentry"],"yoast_head":"<!-- This site is optimized with the Yoast SEO plugin v27.5 - https:\/\/yoast.com\/product\/yoast-seo-wordpress\/ -->\n<title>Rekorde - Wiener Sport-Club - Sektion Schwimmen<\/title>\n<meta name=\"robots\" content=\"index, follow, max-snippet:-1, max-image-preview:large, max-video-preview:-1\" \/>\n<link rel=\"canonical\" href=\"https:\/\/www.wsc-schwimmen.at\/wp\/?page_id=113\" \/>\n<meta property=\"og:locale\" content=\"de_DE\" \/>\n<meta property=\"og:type\" content=\"article\" \/>\n<meta property=\"og:title\" content=\"Rekorde - Wiener Sport-Club - Sektion Schwimmen\" \/>\n<meta property=\"og:description\" content=\"Vereinsrekorde: Stand 03. April 2017 &nbsp; Langbahn Damen Zeit Strecke Zeit Herren Chudzik 30.83 50m Freistil 26.50 Orth Chudzik 1:08.77 100m Freistil 58.50 Orth Fr\u00fchwirth 2:31.01* 200m Freistil 2:18.38 Beck Fr\u00fchwirth 5:09.48* 400m Freistil 4:48.00 Beck Fr\u00fchwirth 10:30.28* 800m Freistil 10:18.52* Beck Fr\u00fchwirth 19:51.57 1500m Freistil 19:22.44 Beck Mathieu 36.65 50m R\u00fccken 31.42 Orth Mathieu [&hellip;]\" \/>\n<meta property=\"og:url\" content=\"https:\/\/www.wsc-schwimmen.at\/wp\/?page_id=113\" \/>\n<meta property=\"og:site_name\" content=\"Wiener Sport-Club - Sektion Schwimmen\" \/>\n<meta property=\"article:publisher\" content=\"https:\/\/www.facebook.com\/wsc.schwimmen\" \/>\n<meta property=\"article:modified_time\" content=\"2017-04-04T09:37:08+00:00\" \/>\n<meta name=\"twitter:card\" content=\"summary_large_image\" \/>\n<meta name=\"twitter:label1\" content=\"Gesch\u00e4tzte Lesezeit\" \/>\n\t<meta name=\"twitter:data1\" content=\"1\u00a0Minute\" \/>\n<script type=\"application\/ld+json\" class=\"yoast-schema-graph\">{\"@context\":\"https:\\\/\\\/schema.org\",\"@graph\":[{\"@type\":\"WebPage\",\"@id\":\"https:\\\/\\\/www.wsc-schwimmen.at\\\/wp\\\/?page_id=113\",\"url\":\"https:\\\/\\\/www.wsc-schwimmen.at\\\/wp\\\/?page_id=113\",\"name\":\"Rekorde - Wiener Sport-Club - Sektion Schwimmen\",\"isPartOf\":{\"@id\":\"https:\\\/\\\/www.wsc-schwimmen.at\\\/wp\\\/#website\"},\"datePublished\":\"2011-01-20T15:22:13+00:00\",\"dateModified\":\"2017-04-04T09:37:08+00:00\",\"breadcrumb\":{\"@id\":\"https:\\\/\\\/www.wsc-schwimmen.at\\\/wp\\\/?page_id=113#breadcrumb\"},\"inLanguage\":\"de\",\"potentialAction\":[{\"@type\":\"ReadAction\",\"target\":[\"https:\\\/\\\/www.wsc-schwimmen.at\\\/wp\\\/?page_id=113\"]}]},{\"@type\":\"BreadcrumbList\",\"@id\":\"https:\\\/\\\/www.wsc-schwimmen.at\\\/wp\\\/?page_id=113#breadcrumb\",\"itemListElement\":[{\"@type\":\"ListItem\",\"position\":1,\"name\":\"Startseite\",\"item\":\"https:\\\/\\\/www.wsc-schwimmen.at\\\/wp\"},{\"@type\":\"ListItem\",\"position\":2,\"name\":\"Rekorde\"}]},{\"@type\":\"WebSite\",\"@id\":\"https:\\\/\\\/www.wsc-schwimmen.at\\\/wp\\\/#website\",\"url\":\"https:\\\/\\\/www.wsc-schwimmen.at\\\/wp\\\/\",\"name\":\"Wiener Sport-Club - Sektion Schwimmen\",\"description\":\"Swimming Team\",\"publisher\":{\"@id\":\"https:\\\/\\\/www.wsc-schwimmen.at\\\/wp\\\/#organization\"},\"potentialAction\":[{\"@type\":\"SearchAction\",\"target\":{\"@type\":\"EntryPoint\",\"urlTemplate\":\"https:\\\/\\\/www.wsc-schwimmen.at\\\/wp\\\/?s={search_term_string}\"},\"query-input\":{\"@type\":\"PropertyValueSpecification\",\"valueRequired\":true,\"valueName\":\"search_term_string\"}}],\"inLanguage\":\"de\"},{\"@type\":\"Organization\",\"@id\":\"https:\\\/\\\/www.wsc-schwimmen.at\\\/wp\\\/#organization\",\"name\":\"Wiener Sport-Club Schwimmen\",\"url\":\"https:\\\/\\\/www.wsc-schwimmen.at\\\/wp\\\/\",\"logo\":{\"@type\":\"ImageObject\",\"inLanguage\":\"de\",\"@id\":\"https:\\\/\\\/www.wsc-schwimmen.at\\\/wp\\\/#\\\/schema\\\/logo\\\/image\\\/\",\"url\":\"https:\\\/\\\/www.wsc-schwimmen.at\\\/wp\\\/wp-content\\\/uploads\\\/2011\\\/01\\\/wsc_wappen_kl.gif\",\"contentUrl\":\"https:\\\/\\\/www.wsc-schwimmen.at\\\/wp\\\/wp-content\\\/uploads\\\/2011\\\/01\\\/wsc_wappen_kl.gif\",\"width\":\"118\",\"height\":\"118\",\"caption\":\"Wiener Sport-Club Schwimmen\"},\"image\":{\"@id\":\"https:\\\/\\\/www.wsc-schwimmen.at\\\/wp\\\/#\\\/schema\\\/logo\\\/image\\\/\"},\"sameAs\":[\"https:\\\/\\\/www.facebook.com\\\/wsc.schwimmen\",\"https:\\\/\\\/de.wikipedia.org\\\/wiki\\\/Wiener_Sport-Club\"]}]}<\/script>\n<!-- \/ Yoast SEO plugin. -->","yoast_head_json":{"title":"Rekorde - Wiener Sport-Club - Sektion Schwimmen","robots":{"index":"index","follow":"follow","max-snippet":"max-snippet:-1","max-image-preview":"max-image-preview:large","max-video-preview":"max-video-preview:-1"},"canonical":"https:\/\/www.wsc-schwimmen.at\/wp\/?page_id=113","og_locale":"de_DE","og_type":"article","og_title":"Rekorde - Wiener Sport-Club - Sektion Schwimmen","og_description":"Vereinsrekorde: Stand 03. April 2017 &nbsp; Langbahn Damen Zeit Strecke Zeit Herren Chudzik 30.83 50m Freistil 26.50 Orth Chudzik 1:08.77 100m Freistil 58.50 Orth Fr\u00fchwirth 2:31.01* 200m Freistil 2:18.38 Beck Fr\u00fchwirth 5:09.48* 400m Freistil 4:48.00 Beck Fr\u00fchwirth 10:30.28* 800m Freistil 10:18.52* Beck Fr\u00fchwirth 19:51.57 1500m Freistil 19:22.44 Beck Mathieu 36.65 50m R\u00fccken 31.42 Orth Mathieu [&hellip;]","og_url":"https:\/\/www.wsc-schwimmen.at\/wp\/?page_id=113","og_site_name":"Wiener Sport-Club - Sektion Schwimmen","article_publisher":"https:\/\/www.facebook.com\/wsc.schwimmen","article_modified_time":"2017-04-04T09:37:08+00:00","twitter_card":"summary_large_image","twitter_misc":{"Gesch\u00e4tzte Lesezeit":"1\u00a0Minute"},"schema":{"@context":"https:\/\/schema.org","@graph":[{"@type":"WebPage","@id":"https:\/\/www.wsc-schwimmen.at\/wp\/?page_id=113","url":"https:\/\/www.wsc-schwimmen.at\/wp\/?page_id=113","name":"Rekorde - Wiener Sport-Club - Sektion Schwimmen","isPartOf":{"@id":"https:\/\/www.wsc-schwimmen.at\/wp\/#website"},"datePublished":"2011-01-20T15:22:13+00:00","dateModified":"2017-04-04T09:37:08+00:00","breadcrumb":{"@id":"https:\/\/www.wsc-schwimmen.at\/wp\/?page_id=113#breadcrumb"},"inLanguage":"de","potentialAction":[{"@type":"ReadAction","target":["https:\/\/www.wsc-schwimmen.at\/wp\/?page_id=113"]}]},{"@type":"BreadcrumbList","@id":"https:\/\/www.wsc-schwimmen.at\/wp\/?page_id=113#breadcrumb","itemListElement":[{"@type":"ListItem","position":1,"name":"Startseite","item":"https:\/\/www.wsc-schwimmen.at\/wp"},{"@type":"ListItem","position":2,"name":"Rekorde"}]},{"@type":"WebSite","@id":"https:\/\/www.wsc-schwimmen.at\/wp\/#website","url":"https:\/\/www.wsc-schwimmen.at\/wp\/","name":"Wiener Sport-Club - Sektion Schwimmen","description":"Swimming Team","publisher":{"@id":"https:\/\/www.wsc-schwimmen.at\/wp\/#organization"},"potentialAction":[{"@type":"SearchAction","target":{"@type":"EntryPoint","urlTemplate":"https:\/\/www.wsc-schwimmen.at\/wp\/?s={search_term_string}"},"query-input":{"@type":"PropertyValueSpecification","valueRequired":true,"valueName":"search_term_string"}}],"inLanguage":"de"},{"@type":"Organization","@id":"https:\/\/www.wsc-schwimmen.at\/wp\/#organization","name":"Wiener Sport-Club Schwimmen","url":"https:\/\/www.wsc-schwimmen.at\/wp\/","logo":{"@type":"ImageObject","inLanguage":"de","@id":"https:\/\/www.wsc-schwimmen.at\/wp\/#\/schema\/logo\/image\/","url":"https:\/\/www.wsc-schwimmen.at\/wp\/wp-content\/uploads\/2011\/01\/wsc_wappen_kl.gif","contentUrl":"https:\/\/www.wsc-schwimmen.at\/wp\/wp-content\/uploads\/2011\/01\/wsc_wappen_kl.gif","width":"118","height":"118","caption":"Wiener Sport-Club Schwimmen"},"image":{"@id":"https:\/\/www.wsc-schwimmen.at\/wp\/#\/schema\/logo\/image\/"},"sameAs":["https:\/\/www.facebook.com\/wsc.schwimmen","https:\/\/de.wikipedia.org\/wiki\/Wiener_Sport-Club"]}]}},"jetpack_sharing_enabled":true,"jetpack_shortlink":"https:\/\/wp.me\/P8Z6fd-1P","jetpack-related-posts":[],"_links":{"self":[{"href":"https:\/\/www.wsc-schwimmen.at\/wp\/index.php?rest_route=\/wp\/v2\/pages\/113","targetHints":{"allow":["GET"]}}],"collection":[{"href":"https:\/\/www.wsc-schwimmen.at\/wp\/index.php?rest_route=\/wp\/v2\/pages"}],"about":[{"href":"https:\/\/www.wsc-schwimmen.at\/wp\/index.php?rest_route=\/wp\/v2\/types\/page"}],"author":[{"embeddable":true,"href":"https:\/\/www.wsc-schwimmen.at\/wp\/index.php?rest_route=\/wp\/v2\/users\/1"}],"replies":[{"embeddable":true,"href":"https:\/\/www.wsc-schwimmen.at\/wp\/index.php?rest_route=%2Fwp%2Fv2%2Fcomments&post=113"}],"version-history":[{"count":167,"href":"https:\/\/www.wsc-schwimmen.at\/wp\/index.php?rest_route=\/wp\/v2\/pages\/113\/revisions"}],"predecessor-version":[{"id":3285,"href":"https:\/\/www.wsc-schwimmen.at\/wp\/index.php?rest_route=\/wp\/v2\/pages\/113\/revisions\/3285"}],"wp:attachment":[{"href":"https:\/\/www.wsc-schwimmen.at\/wp\/index.php?rest_route=%2Fwp%2Fv2%2Fmedia&parent=113"}],"curies":[{"name":"wp","href":"https:\/\/api.w.org\/{rel}","templated":true}]}}